{"id":635,"date":"2024-05-07T17:33:03","date_gmt":"2024-05-07T17:33:03","guid":{"rendered":"https:\/\/cecicarozzaestudio.com\/about-us\/"},"modified":"2024-09-25T20:58:30","modified_gmt":"2024-09-25T20:58:30","slug":"about-us","status":"publish","type":"page","link":"https:\/\/cecicarozzaestudio.com\/es\/about-us\/","title":{"rendered":"About us"},"content":{"rendered":"\n<p class=\"lh-sm col-text1 my-4\"><span>Con m\u00e1s de 20 a\u00f1os en el mercado. Somos un equipo de dise\u00f1adores y creadores digitales y anal\u00f3gicos que trabajamos para crear experiencias de marca \u00fanicas. <\/span><br\/><span>Dise\u00f1o personalizado, como un traje. Mi formaci\u00f3n profesional con Victor Carozza, dise\u00f1ador industrial y arquitecto, en el detalle minucioso de la realizaci\u00f3n buscando acentos, puntos fuertes y formas que perduren en el tiempo.<\/span><br\/><span>Un estudio que re\u00fane a dise\u00f1adores y creadores con el mismo esp\u00edritu de hacer a medida. Piensa en algo \u00fanico para cada proyecto. Creamos identidad.<\/span><\/p>\n\n<div class=\"wp-block-columns is-layout-flex wp-container-core-columns-is-layout-9d6595d7 wp-block-columns-is-layout-flex\">\n<div class=\"wp-block-column is-layout-flow wp-block-column-is-layout-flow\">\n<figure class=\"wp-block-image size-large\"><img loading=\"lazy\" decoding=\"async\" width=\"1024\" height=\"962\" src=\"https:\/\/cecicarozzaestudio.com\/wp-content\/uploads\/2024\/05\/AnyConv.com__web_CC1-1-1024x962.webp\" alt=\"\" class=\"wp-image-57\" srcset=\"https:\/\/cecicarozzaestudio.com\/wp-content\/uploads\/2024\/05\/AnyConv.com__web_CC1-1-1024x962.webp 1024w, https:\/\/cecicarozzaestudio.com\/wp-content\/uploads\/2024\/05\/AnyConv.com__web_CC1-1-300x282.webp 300w, https:\/\/cecicarozzaestudio.com\/wp-content\/uploads\/2024\/05\/AnyConv.com__web_CC1-1-768x722.webp 768w, https:\/\/cecicarozzaestudio.com\/wp-content\/uploads\/2024\/05\/AnyConv.com__web_CC1-1.webp 1343w\" sizes=\"auto, (max-width: 1024px) 100vw, 1024px\" \/><\/figure>\n<\/div>\n\n\n\n<div class=\"wp-block-column is-layout-flow wp-block-column-is-layout-flow\">\n<figure class=\"wp-block-image size-large\"><img loading=\"lazy\" decoding=\"async\" width=\"1024\" height=\"962\" src=\"https:\/\/cecicarozzaestudio.com\/wp-content\/uploads\/2024\/05\/AnyConv.com__web_CC2-1-1024x962.webp\" alt=\"\" class=\"wp-image-58\" srcset=\"https:\/\/cecicarozzaestudio.com\/wp-content\/uploads\/2024\/05\/AnyConv.com__web_CC2-1-1024x962.webp 1024w, https:\/\/cecicarozzaestudio.com\/wp-content\/uploads\/2024\/05\/AnyConv.com__web_CC2-1-300x282.webp 300w, https:\/\/cecicarozzaestudio.com\/wp-content\/uploads\/2024\/05\/AnyConv.com__web_CC2-1-768x722.webp 768w, https:\/\/cecicarozzaestudio.com\/wp-content\/uploads\/2024\/05\/AnyConv.com__web_CC2-1.webp 1343w\" sizes=\"auto, (max-width: 1024px) 100vw, 1024px\" \/><\/figure>\n<\/div>\n<\/div>\n\n<p class=\"col-text1\">\u00a1Un agradecimiento especial!<\/p>\n\n<p class=\"col-text1 my-5\">Marta Schenk, Luc\u00eda Garbari, Fer Cuenca y la imprenta que me vio crecer, Akian Gr\u00e1fica.<\/p>\n","protected":false},"excerpt":{"rendered":"<p>Con m\u00e1s de 20 a\u00f1os en el mercado. Somos un equipo de dise\u00f1adores y creadores digitales y anal\u00f3gicos que trabajamos para crear experiencias de marca \u00fanicas. Dise\u00f1o personalizado, como un traje. Mi formaci\u00f3n profesional con Victor Carozza, dise\u00f1ador industrial y arquitecto, en el detalle minucioso de la realizaci\u00f3n buscando acentos, puntos fuertes y formas que [&hellip;]<\/p>\n","protected":false},"author":1,"featured_media":0,"parent":0,"menu_order":0,"comment_status":"closed","ping_status":"closed","template":"","meta":{"_acf_changed":false,"footnotes":""},"class_list":["post-635","page","type-page","status-publish","hentry"],"acf":[],"_links":{"self":[{"href":"https:\/\/cecicarozzaestudio.com\/es\/wp-json\/wp\/v2\/pages\/635","targetHints":{"allow":["GET"]}}],"collection":[{"href":"https:\/\/cecicarozzaestudio.com\/es\/wp-json\/wp\/v2\/pages"}],"about":[{"href":"https:\/\/cecicarozzaestudio.com\/es\/wp-json\/wp\/v2\/types\/page"}],"author":[{"embeddable":true,"href":"https:\/\/cecicarozzaestudio.com\/es\/wp-json\/wp\/v2\/users\/1"}],"replies":[{"embeddable":true,"href":"https:\/\/cecicarozzaestudio.com\/es\/wp-json\/wp\/v2\/comments?post=635"}],"version-history":[{"count":1,"href":"https:\/\/cecicarozzaestudio.com\/es\/wp-json\/wp\/v2\/pages\/635\/revisions"}],"predecessor-version":[{"id":636,"href":"https:\/\/cecicarozzaestudio.com\/es\/wp-json\/wp\/v2\/pages\/635\/revisions\/636"}],"wp:attachment":[{"href":"https:\/\/cecicarozzaestudio.com\/es\/wp-json\/wp\/v2\/media?parent=635"}],"curies":[{"name":"wp","href":"https:\/\/api.w.org\/{rel}","templated":true}]}}