{"id":371,"date":"2024-05-02T15:45:32","date_gmt":"2024-05-02T15:45:32","guid":{"rendered":"https:\/\/cecicarozzaestudio.com\/home\/"},"modified":"2024-11-19T15:35:18","modified_gmt":"2024-11-19T15:35:18","slug":"home","status":"publish","type":"page","link":"https:\/\/cecicarozzaestudio.com\/es\/","title":{"rendered":"Home"},"content":{"rendered":"\n<p class=\"w-100 ms-0 lh-sm col-text1 mb-5\">Estudio creativo con sede en Buenos Aires. Nuestro objetivo es crear experiencias \u00fanicas en las marcas.<br\/>Dise\u00f1o personalizado. Hecho a medida.<br\/>Creamos identidad.  <\/p>\n\n<div class=\"wp-block-columns justify-content-around is-layout-flex wp-container-core-columns-is-layout-9d6595d7 wp-block-columns-is-layout-flex\">\n<div class=\"wp-block-column is-vertically-aligned-top d-lg-block hiddenFadeIn is-layout-flow wp-block-column-is-layout-flow\" style=\"flex-basis:39%\">\n<a href=\"https:\/\/cecicarozzaestudio.com\/project\/ritex\/\"><figure class=\"wp-block-video h-100\"><video autoplay=\"\" loop=\"\" muted=\"\" playsinline=\"\" poster=\"https:\/\/cecicarozzaestudio.com\/wp-content\/uploads\/2024\/08\/web_CC-1.webp\" preload=\"metadata\">\n<source src=\"https:\/\/cecicarozzaestudio.com\/wp-content\/uploads\/2024\/08\/Ritex_WEB.mp4\">\n  <source src=\"https:\/\/cecicarozzaestudio.com\/wp-content\/uploads\/2024\/08\/Ritex_WEB.mp4\"> Tu navegador no admite la etiqueta de v\u00eddeo.<\/source\/><\/video><\/figure><\/a>\n\n\n\n<p class=\"m-0 has-black-color has-text-color has-link-color wp-elements-62ea56e0fd1576547c83ee4b57fd2e98\"><span class=\"m-0 bau-mono\" style=\"font-size:10px\"><a href=\"https:\/\/cecicarozzaestudio.com\/project\/ritex\/\" data-type=\"page\" data-id=\"2\">(BRAND IDENTITY) (DIGITAL CONTENT) (ART DIRECTION) (PHOTOGRAPHY DIRECTION) (WEB DESIGN)<\/a><\/span><\/p>\n\n\n\n<h2 class=\"wp-block-heading bau-mono text-uppercase has-black-color has-text-color has-link-color wp-elements-79d2930b6a2b20423dabd3c4127f0711\"><a href=\"https:\/\/cecicarozzaestudio.com\/project\/ritex\/\" data-type=\"page\" data-id=\"2\">Ritex<\/a><\/h2>\n<\/div>\n\n\n\n<div class=\"wp-block-column is-vertically-aligned-top hiddenFadeIn is-layout-flow wp-block-column-is-layout-flow\" style=\"flex-basis:39%\">\n<div style=\"height:182px\" aria-hidden=\"true\" class=\"wp-block-spacer spacer-sleepy-club d-none d-md-block\"><\/div>\n\n\n\n<a href=\"https:\/\/cecicarozzaestudio.com\/es\/project\/konqrit\/\"><figure class=\"wp-block-video h-100\"><video autoplay=\"\" loop=\"\" muted=\"\" playsinline=\"\" poster=\"https:\/\/cecicarozzaestudio.com\/wp-content\/uploads\/2024\/11\/Video-2-corto-Poesia-sensorial-tintas-y-agua-CLEAN-.webp\" preload=\"metadata\" style=\"aspect-ratio: 4 \/ 5;\">\n<source src=\"https:\/\/cecicarozzaestudio.com\/wp-content\/uploads\/2024\/11\/Video-2-corto-Poesia-sensorial-tintas-y-agua-CLEAN-.mp4\">\n  <source src=\"https:\/\/cecicarozzaestudio.com\/wp-content\/uploads\/2024\/11\/Video-2-corto-Poesia-sensorial-tintas-y-agua-CLEAN-.mp4\"> Tu navegador no admite la etiqueta de v\u00eddeo.<\/source\/><\/video><\/figure><\/a>\n\n\n\n<p class=\"m-0 has-black-color has-text-color has-link-color wp-elements-605bd6184e7ade5dd5a3dc749da64b83\"><span class=\"m-0 bau-mono\" style=\"font-size:10px\"><a href=\"https:\/\/cecicarozzaestudio.com\/es\/project\/konqrit\/\" data-type=\"link\" data-id=\"https:\/\/cecicarozzaestudio.com\/project\/konqrit\/\">(DIGITAL CONTENT) (ART DIRECTION) (PHOTOGRAPHY DIRECTION)<\/a><\/span><\/p>\n\n\n\n<h2 class=\"wp-block-heading bau-mono has-black-color has-text-color has-link-color wp-elements-cd9a4ff7082fba93dc8ec924a1f0055d\"><a href=\"https:\/\/cecicarozzaestudio.com\/es\/project\/konqrit\/\" data-type=\"link\" data-id=\"https:\/\/cecicarozzaestudio.com\/project\/konqrit\/\">KONQRIT<\/a><br\/><\/h2>\n<\/div>\n<\/div>\n\n<div class=\"wp-block-columns justify-content-between is-layout-flex wp-container-core-columns-is-layout-9d6595d7 wp-block-columns-is-layout-flex\">\n<div class=\"wp-block-column hiddenFadeIn is-layout-flow wp-block-column-is-layout-flow\" style=\"flex-basis:39%\">\n<div style=\"height:17px\" aria-hidden=\"true\" class=\"wp-block-spacer d-none d-md-block\"><\/div>\n\n\n\n<figure class=\"wp-block-image size-large mt-0\"><a href=\"https:\/\/cecicarozzaestudio.com\/es\/project\/casa-berelsonas\/\"><img loading=\"lazy\" decoding=\"async\" width=\"683\" height=\"1024\" src=\"https:\/\/cecicarozzaestudio.com\/wp-content\/uploads\/2024\/08\/La-feliz_-38_11zon-683x1024.webp\" alt=\"\" class=\"wp-image-545\" srcset=\"https:\/\/cecicarozzaestudio.com\/wp-content\/uploads\/2024\/08\/La-feliz_-38_11zon-683x1024.webp 683w, https:\/\/cecicarozzaestudio.com\/wp-content\/uploads\/2024\/08\/La-feliz_-38_11zon-200x300.webp 200w, https:\/\/cecicarozzaestudio.com\/wp-content\/uploads\/2024\/08\/La-feliz_-38_11zon-768x1152.webp 768w, https:\/\/cecicarozzaestudio.com\/wp-content\/uploads\/2024\/08\/La-feliz_-38_11zon-1024x1536.webp 1024w, https:\/\/cecicarozzaestudio.com\/wp-content\/uploads\/2024\/08\/La-feliz_-38_11zon-1366x2048.webp 1366w, https:\/\/cecicarozzaestudio.com\/wp-content\/uploads\/2024\/08\/La-feliz_-38_11zon-scaled.webp 1707w\" sizes=\"auto, (max-width: 683px) 100vw, 683px\" \/><\/a><\/figure>\n\n\n\n<p class=\"m-0 has-black-color has-text-color has-link-color wp-elements-152e3de23ab0c69ffbb7faf4319f8b4c\"><span class=\"m-0 bau-mono\" style=\"font-size:10px\"><a href=\"https:\/\/cecicarozzaestudio.com\/project\/casa-berelsonas\/\" data-type=\"page\" data-id=\"2\">(BRAND IDENTITY) (DIGITAL CONTENT) (ART DIRECTION) (PHOTOGRAPHY DIRECTION) (WEB DESIGN)<\/a><\/span><\/p>\n\n\n\n<h2 class=\"wp-block-heading bau-mono has-black-color has-text-color has-link-color wp-elements-db8e9dda7f1f1363a95469d7534540dc\"><a href=\"https:\/\/cecicarozzaestudio.com\/project\/casa-berelsonas\/\" data-type=\"page\" data-id=\"2\">CASA BERELSONAS<\/a><\/h2>\n<\/div>\n\n\n\n<div class=\"wp-block-column hiddenFadeIn is-layout-flow wp-block-column-is-layout-flow\" style=\"flex-basis:46%\">\n<div style=\"height:121px\" aria-hidden=\"true\" class=\"wp-block-spacer spacer-casa-berelsonas d-none d-md-block\"><\/div>\n\n\n\n<figure class=\"wp-block-image size-large\"><a href=\"https:\/\/cecicarozzaestudio.com\/es\/project\/leone-loray\/\"><img loading=\"lazy\" decoding=\"async\" width=\"849\" height=\"1024\" src=\"https:\/\/cecicarozzaestudio.com\/wp-content\/uploads\/2024\/05\/AnyConv.com__web_CChome3-849x1024.webp\" alt=\"\" class=\"wp-image-67\" srcset=\"https:\/\/cecicarozzaestudio.com\/wp-content\/uploads\/2024\/05\/AnyConv.com__web_CChome3-849x1024.webp 849w, https:\/\/cecicarozzaestudio.com\/wp-content\/uploads\/2024\/05\/AnyConv.com__web_CChome3-249x300.webp 249w, https:\/\/cecicarozzaestudio.com\/wp-content\/uploads\/2024\/05\/AnyConv.com__web_CChome3-768x926.webp 768w, https:\/\/cecicarozzaestudio.com\/wp-content\/uploads\/2024\/05\/AnyConv.com__web_CChome3.webp 1269w\" sizes=\"auto, (max-width: 849px) 100vw, 849px\" \/><\/a><\/figure>\n\n\n\n<p class=\"m-0 has-black-color has-text-color has-link-color wp-elements-e25372eba6b7b8f51fe3c3e169b72454\"><span class=\"m-0 bau-mono\" style=\"font-size:10px\"><a href=\"https:\/\/cecicarozzaestudio.com\/es\/project\/leone-loray\/\" data-type=\"project\" data-id=\"296\">(BRAND IDENTITY) (DIGITAL CONTENT) (ART DIRECTION) (PHOTOGRAPHY DIRECTION) (WEB DESIGN)<\/a><\/span><\/p>\n\n\n\n<h2 class=\"wp-block-heading bau-mono has-black-color has-text-color has-link-color wp-elements-45ebf70a75386148285e8c91b8690ee8\"><a href=\"https:\/\/cecicarozzaestudio.com\/es\/project\/leone-loray\/\" data-type=\"project\" data-id=\"296\">LEONE LORAY<\/a><\/h2>\n\n\n\n<div style=\"height:55px\" aria-hidden=\"true\" class=\"wp-block-spacer d-none d-md-block\"><\/div>\n<\/div>\n<\/div>\n\n<div class=\"wp-block-columns justify-content-around d-none is-layout-flex wp-container-core-columns-is-layout-9d6595d7 wp-block-columns-is-layout-flex\">\n<div class=\"wp-block-column is-vertically-aligned-top d-lg-block is-layout-flow wp-block-column-is-layout-flow\" style=\"flex-basis:39%\">\n<div style=\"height:102px\" aria-hidden=\"true\" class=\"wp-block-spacer spacer-sleepy-club d-none d-md-block\"><\/div>\n\n\n<div class=\"wp-block-image\">\n<figure class=\"aligncenter size-large\"><a href=\"#\"><img loading=\"lazy\" decoding=\"async\" width=\"902\" height=\"1024\" src=\"https:\/\/cecicarozzaestudio.com\/wp-content\/uploads\/2024\/05\/AnyConv.com__web_CChome5a-902x1024.webp\" alt=\"\" class=\"wp-image-87\" style=\"object-fit:cover\" srcset=\"https:\/\/cecicarozzaestudio.com\/wp-content\/uploads\/2024\/05\/AnyConv.com__web_CChome5a-902x1024.webp 902w, https:\/\/cecicarozzaestudio.com\/wp-content\/uploads\/2024\/05\/AnyConv.com__web_CChome5a-264x300.webp 264w, https:\/\/cecicarozzaestudio.com\/wp-content\/uploads\/2024\/05\/AnyConv.com__web_CChome5a-768x872.webp 768w, https:\/\/cecicarozzaestudio.com\/wp-content\/uploads\/2024\/05\/AnyConv.com__web_CChome5a.webp 1073w\" sizes=\"auto, (max-width: 902px) 100vw, 902px\" \/><\/a><\/figure>\n<\/div>\n\n\n<p class=\"m-0 has-black-color has-text-color has-link-color wp-elements-762996c3f5358a74ff0674aa4b73e99e\"><span class=\"m-0 bau-mono\" style=\"font-size:10px\"><a href=\"https:\/\/cecicarozzaestudio.com\/es\/\" data-type=\"page\" data-id=\"2\">(BRAND IDENTITY) (DIGITAL CONTENT)<\/a><\/span><\/p>\n\n\n\n<h2 class=\"wp-block-heading bau-mono has-black-color has-text-color has-link-color wp-elements-01f849f28b5d3d9d62c9372ff6ca8bda\"><a href=\"https:\/\/cecicarozzaestudio.com\/es\/\" data-type=\"page\" data-id=\"2\">SLEEPY CLUB<\/a><\/h2>\n<\/div>\n\n\n\n<div class=\"wp-block-column is-vertically-aligned-top is-layout-flow wp-block-column-is-layout-flow\" style=\"flex-basis:39%\">\n<figure class=\"wp-block-image size-large\"><a href=\"#\"><img loading=\"lazy\" decoding=\"async\" width=\"833\" height=\"1024\" src=\"https:\/\/cecicarozzaestudio.com\/wp-content\/uploads\/2024\/05\/AnyConv.com__web_CChome4-833x1024.webp\" alt=\"\" class=\"wp-image-71\" srcset=\"https:\/\/cecicarozzaestudio.com\/wp-content\/uploads\/2024\/05\/AnyConv.com__web_CChome4-833x1024.webp 833w, https:\/\/cecicarozzaestudio.com\/wp-content\/uploads\/2024\/05\/AnyConv.com__web_CChome4-244x300.webp 244w, https:\/\/cecicarozzaestudio.com\/wp-content\/uploads\/2024\/05\/AnyConv.com__web_CChome4-768x944.webp 768w, https:\/\/cecicarozzaestudio.com\/wp-content\/uploads\/2024\/05\/AnyConv.com__web_CChome4.webp 932w\" sizes=\"auto, (max-width: 833px) 100vw, 833px\" \/><\/a><\/figure>\n\n\n\n<p class=\"m-0 has-black-color has-text-color has-link-color wp-elements-762996c3f5358a74ff0674aa4b73e99e\"><span class=\"m-0 bau-mono\" style=\"font-size:10px\"><a href=\"https:\/\/cecicarozzaestudio.com\/es\/\" data-type=\"page\" data-id=\"2\">(BRAND IDENTITY) (DIGITAL CONTENT)<\/a><\/span><\/p>\n\n\n\n<h2 class=\"wp-block-heading bau-mono has-black-color has-text-color has-link-color wp-elements-ff0b8f89515dbba822608d9f4c50c553\"><a href=\"https:\/\/cecicarozzaestudio.com\/es\/\" data-type=\"page\" data-id=\"2\">ANDREA BARBUTO<\/a><br\/><\/h2>\n<\/div>\n<\/div>\n\n<div class=\"wp-block-columns justify-content-around is-layout-flex wp-container-core-columns-is-layout-9d6595d7 wp-block-columns-is-layout-flex\">\n<div class=\"wp-block-column hiddenFadeIn is-layout-flow wp-block-column-is-layout-flow\" style=\"flex-basis:66.66%\">\n<div style=\"height:175px\" aria-hidden=\"true\" class=\"wp-block-spacer spacer-sleepy-club d-none d-md-block\"><\/div>\n\n\n\n<figure class=\"wp-block-image size-large\"><a href=\"https:\/\/cecicarozzaestudio.com\/es\/project\/dos\/\" rel=\"\/home\"><img loading=\"lazy\" decoding=\"async\" width=\"1876\" height=\"1061\" src=\"https:\/\/cecicarozzaestudio.com\/wp-content\/uploads\/2024\/05\/AnyConv.com__web_CChome1-e1729217330340.webp\" alt=\"\" class=\"wp-image-63\" srcset=\"https:\/\/cecicarozzaestudio.com\/wp-content\/uploads\/2024\/05\/AnyConv.com__web_CChome1-e1729217330340.webp 1876w, https:\/\/cecicarozzaestudio.com\/wp-content\/uploads\/2024\/05\/AnyConv.com__web_CChome1-e1729217330340-300x170.webp 300w, https:\/\/cecicarozzaestudio.com\/wp-content\/uploads\/2024\/05\/AnyConv.com__web_CChome1-e1729217330340-1024x579.webp 1024w, https:\/\/cecicarozzaestudio.com\/wp-content\/uploads\/2024\/05\/AnyConv.com__web_CChome1-e1729217330340-768x434.webp 768w, https:\/\/cecicarozzaestudio.com\/wp-content\/uploads\/2024\/05\/AnyConv.com__web_CChome1-e1729217330340-1536x869.webp 1536w\" sizes=\"auto, (max-width: 1876px) 100vw, 1876px\" \/><\/a><\/figure>\n\n\n\n<p class=\"m-0 has-black-color has-text-color has-link-color wp-elements-360ce0766a569629817be6e82f24b890\"><span class=\"m-0 bau-mono\" style=\"font-size:10px\"><a href=\"https:\/\/cecicarozzaestudio.com\/es\/project\/dos\/\" data-type=\"project\" data-id=\"239\">(BRAND IDENTITY) (DIGITAL CONTENT)<\/a><\/span><\/p>\n\n\n\n<h2 class=\"wp-block-heading bau-mono has-black-color has-text-color has-link-color wp-elements-3636b93284427c5923028fe39a492b7b\"><a href=\"https:\/\/cecicarozzaestudio.com\/es\/project\/dos\/\" data-type=\"project\" data-id=\"239\">DOS<\/a><\/h2>\n<\/div>\n\n\n\n<div class=\"wp-block-column is-vertically-aligned-top hiddenFadeIn is-layout-flow wp-block-column-is-layout-flow\" style=\"flex-basis:39%\">\n<figure class=\"wp-block-image size-large\"><a href=\"https:\/\/cecicarozzaestudio.com\/es\/project\/andrea-barbuto\/\"><img loading=\"lazy\" decoding=\"async\" width=\"833\" height=\"1024\" src=\"https:\/\/cecicarozzaestudio.com\/wp-content\/uploads\/2024\/05\/AnyConv.com__web_CChome4-833x1024.webp\" alt=\"\" class=\"wp-image-71\" srcset=\"https:\/\/cecicarozzaestudio.com\/wp-content\/uploads\/2024\/05\/AnyConv.com__web_CChome4-833x1024.webp 833w, https:\/\/cecicarozzaestudio.com\/wp-content\/uploads\/2024\/05\/AnyConv.com__web_CChome4-244x300.webp 244w, https:\/\/cecicarozzaestudio.com\/wp-content\/uploads\/2024\/05\/AnyConv.com__web_CChome4-768x944.webp 768w, https:\/\/cecicarozzaestudio.com\/wp-content\/uploads\/2024\/05\/AnyConv.com__web_CChome4.webp 932w\" sizes=\"auto, (max-width: 833px) 100vw, 833px\" \/><\/a><\/figure>\n\n\n\n<p class=\"m-0 has-black-color has-text-color has-link-color wp-elements-0e184e0fd4623becfec8b6142f00b6d8\"><span class=\"m-0 bau-mono\" style=\"font-size:10px\"><a href=\"https:\/\/cecicarozzaestudio.com\/project\/andrea-barbuto\/\" data-type=\"page\" data-id=\"2\">(BRAND IDENTITY) (DIGITAL CONTENT)<\/a><\/span><\/p>\n\n\n\n<h2 class=\"wp-block-heading bau-mono has-black-color has-text-color has-link-color wp-elements-9376d58b039b90f4b996511db48e109c\"><a href=\"https:\/\/cecicarozzaestudio.com\/project\/andrea-barbuto\/\" data-type=\"page\" data-id=\"2\">ANDREA BARBUTO<\/a><br\/><\/h2>\n<\/div>\n<\/div>\n\n<div class=\"wp-block-columns justify-content-around is-layout-flex wp-container-core-columns-is-layout-9d6595d7 wp-block-columns-is-layout-flex\">\n<div class=\"wp-block-column is-vertically-aligned-top d-lg-block hiddenFadeIn is-layout-flow wp-block-column-is-layout-flow\" style=\"flex-basis:39%\">\n<div style=\"height:446px\" aria-hidden=\"true\" class=\"wp-block-spacer spacer-sleepy-club d-none d-md-block\"><\/div>\n\n\n\n<figure class=\"wp-block-image size-large\"><a href=\"https:\/\/cecicarozzaestudio.com\/es\/project\/sleepy-club\/\"><img loading=\"lazy\" decoding=\"async\" width=\"887\" height=\"1024\" src=\"https:\/\/cecicarozzaestudio.com\/wp-content\/uploads\/2024\/07\/sc1-887x1024.webp\" alt=\"\" class=\"wp-image-469\" srcset=\"https:\/\/cecicarozzaestudio.com\/wp-content\/uploads\/2024\/07\/sc1-887x1024.webp 887w, https:\/\/cecicarozzaestudio.com\/wp-content\/uploads\/2024\/07\/sc1-260x300.webp 260w, https:\/\/cecicarozzaestudio.com\/wp-content\/uploads\/2024\/07\/sc1-768x887.webp 768w, https:\/\/cecicarozzaestudio.com\/wp-content\/uploads\/2024\/07\/sc1.webp 916w\" sizes=\"auto, (max-width: 887px) 100vw, 887px\" \/><\/a><\/figure>\n\n\n\n<p class=\"m-0 has-black-color has-text-color has-link-color wp-elements-082007c1adb5f3bfa322d3072c0ec10c\"><span class=\"m-0 bau-mono\" style=\"font-size:10px\"><a href=\"https:\/\/cecicarozzaestudio.com\/project\/sleepy-club\/\" data-type=\"page\" data-id=\"2\">(BRAND IDENTITY) (DIGITAL CONTENT)<\/a><\/span><\/p>\n\n\n\n<h2 class=\"wp-block-heading bau-mono has-black-color has-text-color has-link-color wp-elements-9b958faa70b84faf8c2249d8454cde16\"><a href=\"https:\/\/cecicarozzaestudio.com\/project\/sleepy-club\/\" data-type=\"page\" data-id=\"2\">SLEEPY CLUB<\/a><\/h2>\n<\/div>\n\n\n\n<div class=\"wp-block-column home-col hiddenFadeIn is-layout-flow wp-block-column-is-layout-flow\" style=\"flex-basis:46%\">\n<figure class=\"wp-block-image size-large\"><a href=\"https:\/\/cecicarozzaestudio.com\/es\/project\/jit-pants\/\"><img loading=\"lazy\" decoding=\"async\" width=\"849\" height=\"1024\" src=\"https:\/\/cecicarozzaestudio.com\/wp-content\/uploads\/2024\/05\/AnyConv.com__web_CChome6-849x1024.webp\" alt=\"\" class=\"wp-image-78\" srcset=\"https:\/\/cecicarozzaestudio.com\/wp-content\/uploads\/2024\/05\/AnyConv.com__web_CChome6-849x1024.webp 849w, https:\/\/cecicarozzaestudio.com\/wp-content\/uploads\/2024\/05\/AnyConv.com__web_CChome6-249x300.webp 249w, https:\/\/cecicarozzaestudio.com\/wp-content\/uploads\/2024\/05\/AnyConv.com__web_CChome6-768x927.webp 768w, https:\/\/cecicarozzaestudio.com\/wp-content\/uploads\/2024\/05\/AnyConv.com__web_CChome6.webp 1253w\" sizes=\"auto, (max-width: 849px) 100vw, 849px\" \/><\/a><\/figure>\n\n\n\n<p class=\"m-0 has-black-color has-text-color has-link-color wp-elements-f093c5f45099de311bcbfdcba4b77925\"><span class=\"m-0 bau-mono\" style=\"font-size:10px\"><a href=\"https:\/\/cecicarozzaestudio.com\/project\/jit-pants\/\" data-type=\"page\" data-id=\"2\">(BRAND IDENTITY) (DIGITAL CONTENT) (ART DIRECTION) (PHOTOGRAPHY DIRECTION)<\/a><\/span><\/p>\n\n\n\n<h2 class=\"wp-block-heading bau-mono has-black-color has-text-color has-link-color wp-elements-7e631787a46bb6e3a7c84da83dee2e00\"><a href=\"https:\/\/cecicarozzaestudio.com\/project\/jit-pants\/\" data-type=\"page\" data-id=\"2\">JIT PANTS<\/a><\/h2>\n<\/div>\n<\/div>\n\n<div class=\"wp-block-columns justify-content-between is-layout-flex wp-container-core-columns-is-layout-9d6595d7 wp-block-columns-is-layout-flex\">\n<div class=\"wp-block-column is-vertically-aligned-top d-lg-block hiddenFadeIn is-layout-flow wp-block-column-is-layout-flow\" style=\"flex-basis:39%\">\n<p class=\"m-0 has-black-color has-text-color has-link-color wp-elements-deaf7b2f8233df36591bf925e6225e0a\"><\/p>\n<\/div>\n\n\n\n<div class=\"wp-block-column is-vertically-aligned-top d-lg-block hiddenFadeIn is-layout-flow wp-block-column-is-layout-flow\" style=\"flex-basis:39%\">\n<a href=\"https:\/\/cecicarozzaestudio.com\/project\/de-la-patagonia\/\"><figure class=\"wp-block-video h-100\"><video autoplay=\"\" loop=\"\" muted=\"\" playsinline=\"\" poster=\"https:\/\/cecicarozzaestudio.com\/wp-content\/uploads\/2024\/08\/Sin-titulo-1.webp\" preload=\"metadata\">\n<source src=\"https:\/\/cecicarozzaestudio.com\/wp-content\/uploads\/2024\/08\/DeLaPatagonia_WEB.mp4\">\n  <source src=\"https:\/\/cecicarozzaestudio.com\/wp-content\/uploads\/2024\/08\/DeLaPatagonia_WEB.mp4\"> Tu navegador no admite la etiqueta de v\u00eddeo.<\/source\/><\/video><\/figure><\/a>\n\n\n\n<p class=\"m-0 has-black-color has-text-color has-link-color wp-elements-b9bab7cf2fdc61ed8895192bea61c9f7\"><span class=\"m-0 bau-mono\" style=\"font-size:10px\"><a href=\"https:\/\/cecicarozzaestudio.com\/project\/de-la-patagonia\/\" data-type=\"page\" data-id=\"2\">(DIGITAL CONTENT) (ART DIRECTION) (PHOTOGRAPHY DIRECTION)<\/a><\/span><\/p>\n\n\n\n<h2 class=\"wp-block-heading bau-mono text-uppercase has-black-color has-text-color has-link-color wp-elements-7203113a4f19e6ebe1ecf4f105d64650\"><a href=\"https:\/\/cecicarozzaestudio.com\/project\/de-la-patagonia\/\" data-type=\"page\" data-id=\"2\">De la Patagonia<\/a><\/h2>\n<\/div>\n<\/div>\n","protected":false},"excerpt":{"rendered":"<p>Estudio creativo con sede en Buenos Aires. Nuestro objetivo es crear experiencias \u00fanicas en las marcas.Dise\u00f1o personalizado. Hecho a medida.Creamos identidad. Tu navegador no admite la etiqueta de v\u00eddeo. (BRAND IDENTITY) (DIGITAL CONTENT) (ART DIRECTION) (PHOTOGRAPHY DIRECTION) (WEB DESIGN) Ritex Tu navegador no admite la etiqueta de v\u00eddeo. (DIGITAL CONTENT) (ART DIRECTION) (PHOTOGRAPHY DIRECTION) KONQRIT [&hellip;]<\/p>\n","protected":false},"author":1,"featured_media":0,"parent":0,"menu_order":0,"comment_status":"closed","ping_status":"open","template":"template-wider-page.php","meta":{"_acf_changed":false,"footnotes":""},"class_list":["post-371","page","type-page","status-publish","hentry"],"acf":[],"_links":{"self":[{"href":"https:\/\/cecicarozzaestudio.com\/es\/wp-json\/wp\/v2\/pages\/371","targetHints":{"allow":["GET"]}}],"collection":[{"href":"https:\/\/cecicarozzaestudio.com\/es\/wp-json\/wp\/v2\/pages"}],"about":[{"href":"https:\/\/cecicarozzaestudio.com\/es\/wp-json\/wp\/v2\/types\/page"}],"author":[{"embeddable":true,"href":"https:\/\/cecicarozzaestudio.com\/es\/wp-json\/wp\/v2\/users\/1"}],"replies":[{"embeddable":true,"href":"https:\/\/cecicarozzaestudio.com\/es\/wp-json\/wp\/v2\/comments?post=371"}],"version-history":[{"count":14,"href":"https:\/\/cecicarozzaestudio.com\/es\/wp-json\/wp\/v2\/pages\/371\/revisions"}],"predecessor-version":[{"id":725,"href":"https:\/\/cecicarozzaestudio.com\/es\/wp-json\/wp\/v2\/pages\/371\/revisions\/725"}],"wp:attachment":[{"href":"https:\/\/cecicarozzaestudio.com\/es\/wp-json\/wp\/v2\/media?parent=371"}],"curies":[{"name":"wp","href":"https:\/\/api.w.org\/{rel}","templated":true}]}}